{"id":16163,"date":"2025-02-08T21:55:05","date_gmt":"2025-02-08T21:55:05","guid":{"rendered":"https:\/\/abyflowers.com\/shop\/?post_type=product&#038;p=16163"},"modified":"2026-05-02T05:14:43","modified_gmt":"2026-05-02T05:14:43","slug":"ramo-sunflower","status":"publish","type":"product","link":"https:\/\/abyflowers.com\/shop\/producto\/ramo-sunflower\/","title":{"rendered":"Ramo Sunflower"},"content":{"rendered":"","protected":false},"excerpt":{"rendered":"<p>DESCRIPCI\u00d3N:<\/p>\n<p>Girasoles m\u00e1s verdes de estaci\u00f3n<br \/>\nEmpaque especial y \u00fanico.<br \/>\nImagen referencial, puede variar ligeramente.<br \/>\nProducto exclusivo de Aby Flowers.<\/p>\n<p>Adicional:<br \/>\n03 globos met\u00e1licos coraz\u00f3n a s\/60 soles.<br \/>\nCaja con trufas artesanales a s\/30 soles<\/p>\n<p>El precio no incluye Delivery.<\/p>\n","protected":false},"featured_media":17751,"template":"","meta":{"om_disable_all_campaigns":false,"_monsterinsights_skip_tracking":false,"_monsterinsights_sitenote_active":false,"_monsterinsights_sitenote_note":"","_monsterinsights_sitenote_category":0,"_uf_show_specific_survey":0,"_uf_disable_surveys":false,"_joinchat":[]},"product_cat":[18,19,23],"product_tag":[],"class_list":{"0":"post-16163","1":"product","2":"type-product","3":"status-publish","4":"has-post-thumbnail","6":"product_cat-amor","7":"product_cat-aniversario","8":"product_cat-ramos-y-cajas","10":"first","11":"instock","12":"shipping-taxable","13":"purchasable","14":"product-type-simple"},"yoast_head":"<!-- This site is optimized with the Yoast SEO plugin v26.7 - https:\/\/yoast.com\/wordpress\/plugins\/seo\/ -->\n<title>Ramo Sunflower - AbyFlowers<\/title>\n<meta name=\"robots\" content=\"index, follow, max-snippet:-1, max-image-preview:large, max-video-preview:-1\" \/>\n<link rel=\"canonical\" href=\"https:\/\/abyflowers.com\/shop\/producto\/ramo-sunflower\/\" \/>\n<meta property=\"og:locale\" content=\"es_ES\" \/>\n<meta property=\"og:type\" content=\"article\" \/>\n<meta property=\"og:title\" content=\"Ramo Sunflower - AbyFlowers\" \/>\n<meta property=\"og:description\" content=\"DESCRIPCI\u00d3N:  Girasoles m\u00e1s verdes de estaci\u00f3n Empaque especial y \u00fanico. Imagen referencial, puede variar ligeramente. Producto exclusivo de Aby Flowers.  Adicional: 03 globos met\u00e1licos coraz\u00f3n a s\/60 soles. Caja con trufas artesanales a s\/30 soles  El precio no incluye Delivery.\" \/>\n<meta property=\"og:url\" content=\"https:\/\/abyflowers.com\/shop\/producto\/ramo-sunflower\/\" \/>\n<meta property=\"og:site_name\" content=\"AbyFlowers\" \/>\n<meta property=\"article:publisher\" content=\"https:\/\/www.facebook.com\/abyflowers\" \/>\n<meta property=\"article:modified_time\" content=\"2026-05-02T05:14:43+00:00\" \/>\n<meta property=\"og:image\" content=\"https:\/\/abyflowers.com\/shop\/wp-content\/uploads\/2025\/02\/8-1.png\" \/>\n\t<meta property=\"og:image:width\" content=\"800\" \/>\n\t<meta property=\"og:image:height\" content=\"800\" \/>\n\t<meta property=\"og:image:type\" content=\"image\/png\" \/>\n<meta name=\"twitter:card\" content=\"summary_large_image\" \/>\n<meta name=\"twitter:label1\" content=\"Tiempo de lectura\" \/>\n\t<meta name=\"twitter:data1\" content=\"1 minuto\" \/>\n<script type=\"application\/ld+json\" class=\"yoast-schema-graph\">{\"@context\":\"https:\/\/schema.org\",\"@graph\":[{\"@type\":\"WebPage\",\"@id\":\"https:\/\/abyflowers.com\/shop\/producto\/ramo-sunflower\/\",\"url\":\"https:\/\/abyflowers.com\/shop\/producto\/ramo-sunflower\/\",\"name\":\"Ramo Sunflower - AbyFlowers\",\"isPartOf\":{\"@id\":\"https:\/\/abyflowers.com\/shop\/#website\"},\"primaryImageOfPage\":{\"@id\":\"https:\/\/abyflowers.com\/shop\/producto\/ramo-sunflower\/#primaryimage\"},\"image\":{\"@id\":\"https:\/\/abyflowers.com\/shop\/producto\/ramo-sunflower\/#primaryimage\"},\"thumbnailUrl\":\"https:\/\/abyflowers.com\/shop\/wp-content\/uploads\/2025\/02\/8-1.png\",\"datePublished\":\"2025-02-08T21:55:05+00:00\",\"dateModified\":\"2026-05-02T05:14:43+00:00\",\"breadcrumb\":{\"@id\":\"https:\/\/abyflowers.com\/shop\/producto\/ramo-sunflower\/#breadcrumb\"},\"inLanguage\":\"es\",\"potentialAction\":[{\"@type\":\"ReadAction\",\"target\":[\"https:\/\/abyflowers.com\/shop\/producto\/ramo-sunflower\/\"]}]},{\"@type\":\"ImageObject\",\"inLanguage\":\"es\",\"@id\":\"https:\/\/abyflowers.com\/shop\/producto\/ramo-sunflower\/#primaryimage\",\"url\":\"https:\/\/abyflowers.com\/shop\/wp-content\/uploads\/2025\/02\/8-1.png\",\"contentUrl\":\"https:\/\/abyflowers.com\/shop\/wp-content\/uploads\/2025\/02\/8-1.png\",\"width\":800,\"height\":800},{\"@type\":\"BreadcrumbList\",\"@id\":\"https:\/\/abyflowers.com\/shop\/producto\/ramo-sunflower\/#breadcrumb\",\"itemListElement\":[{\"@type\":\"ListItem\",\"position\":1,\"name\":\"Home\",\"item\":\"https:\/\/abyflowers.com\/shop\/\"},{\"@type\":\"ListItem\",\"position\":2,\"name\":\"Tienda\",\"item\":\"https:\/\/abyflowers.com\/shop\/tienda\/\"},{\"@type\":\"ListItem\",\"position\":3,\"name\":\"Ramo Sunflower\"}]},{\"@type\":\"WebSite\",\"@id\":\"https:\/\/abyflowers.com\/shop\/#website\",\"url\":\"https:\/\/abyflowers.com\/shop\/\",\"name\":\"AbyFlowers\",\"description\":\"Transmitimos Emociones\",\"publisher\":{\"@id\":\"https:\/\/abyflowers.com\/shop\/#organization\"},\"potentialAction\":[{\"@type\":\"SearchAction\",\"target\":{\"@type\":\"EntryPoint\",\"urlTemplate\":\"https:\/\/abyflowers.com\/shop\/?s={search_term_string}\"},\"query-input\":{\"@type\":\"PropertyValueSpecification\",\"valueRequired\":true,\"valueName\":\"search_term_string\"}}],\"inLanguage\":\"es\"},{\"@type\":\"Organization\",\"@id\":\"https:\/\/abyflowers.com\/shop\/#organization\",\"name\":\"AbyFlowers\",\"url\":\"https:\/\/abyflowers.com\/shop\/\",\"logo\":{\"@type\":\"ImageObject\",\"inLanguage\":\"es\",\"@id\":\"https:\/\/abyflowers.com\/shop\/#\/schema\/logo\/image\/\",\"url\":\"https:\/\/abyflowers.com\/shop\/wp-content\/uploads\/2021\/02\/logoAbyFlowersFEB2021.png\",\"contentUrl\":\"https:\/\/abyflowers.com\/shop\/wp-content\/uploads\/2021\/02\/logoAbyFlowersFEB2021.png\",\"width\":220,\"height\":92,\"caption\":\"AbyFlowers\"},\"image\":{\"@id\":\"https:\/\/abyflowers.com\/shop\/#\/schema\/logo\/image\/\"},\"sameAs\":[\"https:\/\/www.facebook.com\/abyflowers\",\"https:\/\/www.instagram.com\/abyflowers.floreria\/\"]}]}<\/script>\n<!-- \/ Yoast SEO plugin. -->","yoast_head_json":{"title":"Ramo Sunflower - AbyFlowers","robots":{"index":"index","follow":"follow","max-snippet":"max-snippet:-1","max-image-preview":"max-image-preview:large","max-video-preview":"max-video-preview:-1"},"canonical":"https:\/\/abyflowers.com\/shop\/producto\/ramo-sunflower\/","og_locale":"es_ES","og_type":"article","og_title":"Ramo Sunflower - AbyFlowers","og_description":"DESCRIPCI\u00d3N:  Girasoles m\u00e1s verdes de estaci\u00f3n Empaque especial y \u00fanico. Imagen referencial, puede variar ligeramente. Producto exclusivo de Aby Flowers.  Adicional: 03 globos met\u00e1licos coraz\u00f3n a s\/60 soles. Caja con trufas artesanales a s\/30 soles  El precio no incluye Delivery.","og_url":"https:\/\/abyflowers.com\/shop\/producto\/ramo-sunflower\/","og_site_name":"AbyFlowers","article_publisher":"https:\/\/www.facebook.com\/abyflowers","article_modified_time":"2026-05-02T05:14:43+00:00","og_image":[{"width":800,"height":800,"url":"https:\/\/abyflowers.com\/shop\/wp-content\/uploads\/2025\/02\/8-1.png","type":"image\/png"}],"twitter_card":"summary_large_image","twitter_misc":{"Tiempo de lectura":"1 minuto"},"schema":{"@context":"https:\/\/schema.org","@graph":[{"@type":"WebPage","@id":"https:\/\/abyflowers.com\/shop\/producto\/ramo-sunflower\/","url":"https:\/\/abyflowers.com\/shop\/producto\/ramo-sunflower\/","name":"Ramo Sunflower - AbyFlowers","isPartOf":{"@id":"https:\/\/abyflowers.com\/shop\/#website"},"primaryImageOfPage":{"@id":"https:\/\/abyflowers.com\/shop\/producto\/ramo-sunflower\/#primaryimage"},"image":{"@id":"https:\/\/abyflowers.com\/shop\/producto\/ramo-sunflower\/#primaryimage"},"thumbnailUrl":"https:\/\/abyflowers.com\/shop\/wp-content\/uploads\/2025\/02\/8-1.png","datePublished":"2025-02-08T21:55:05+00:00","dateModified":"2026-05-02T05:14:43+00:00","breadcrumb":{"@id":"https:\/\/abyflowers.com\/shop\/producto\/ramo-sunflower\/#breadcrumb"},"inLanguage":"es","potentialAction":[{"@type":"ReadAction","target":["https:\/\/abyflowers.com\/shop\/producto\/ramo-sunflower\/"]}]},{"@type":"ImageObject","inLanguage":"es","@id":"https:\/\/abyflowers.com\/shop\/producto\/ramo-sunflower\/#primaryimage","url":"https:\/\/abyflowers.com\/shop\/wp-content\/uploads\/2025\/02\/8-1.png","contentUrl":"https:\/\/abyflowers.com\/shop\/wp-content\/uploads\/2025\/02\/8-1.png","width":800,"height":800},{"@type":"BreadcrumbList","@id":"https:\/\/abyflowers.com\/shop\/producto\/ramo-sunflower\/#breadcrumb","itemListElement":[{"@type":"ListItem","position":1,"name":"Home","item":"https:\/\/abyflowers.com\/shop\/"},{"@type":"ListItem","position":2,"name":"Tienda","item":"https:\/\/abyflowers.com\/shop\/tienda\/"},{"@type":"ListItem","position":3,"name":"Ramo Sunflower"}]},{"@type":"WebSite","@id":"https:\/\/abyflowers.com\/shop\/#website","url":"https:\/\/abyflowers.com\/shop\/","name":"AbyFlowers","description":"Transmitimos Emociones","publisher":{"@id":"https:\/\/abyflowers.com\/shop\/#organization"},"potentialAction":[{"@type":"SearchAction","target":{"@type":"EntryPoint","urlTemplate":"https:\/\/abyflowers.com\/shop\/?s={search_term_string}"},"query-input":{"@type":"PropertyValueSpecification","valueRequired":true,"valueName":"search_term_string"}}],"inLanguage":"es"},{"@type":"Organization","@id":"https:\/\/abyflowers.com\/shop\/#organization","name":"AbyFlowers","url":"https:\/\/abyflowers.com\/shop\/","logo":{"@type":"ImageObject","inLanguage":"es","@id":"https:\/\/abyflowers.com\/shop\/#\/schema\/logo\/image\/","url":"https:\/\/abyflowers.com\/shop\/wp-content\/uploads\/2021\/02\/logoAbyFlowersFEB2021.png","contentUrl":"https:\/\/abyflowers.com\/shop\/wp-content\/uploads\/2021\/02\/logoAbyFlowersFEB2021.png","width":220,"height":92,"caption":"AbyFlowers"},"image":{"@id":"https:\/\/abyflowers.com\/shop\/#\/schema\/logo\/image\/"},"sameAs":["https:\/\/www.facebook.com\/abyflowers","https:\/\/www.instagram.com\/abyflowers.floreria\/"]}]}},"_links":{"self":[{"href":"https:\/\/abyflowers.com\/shop\/wp-json\/wp\/v2\/product\/16163","targetHints":{"allow":["GET"]}}],"collection":[{"href":"https:\/\/abyflowers.com\/shop\/wp-json\/wp\/v2\/product"}],"about":[{"href":"https:\/\/abyflowers.com\/shop\/wp-json\/wp\/v2\/types\/product"}],"wp:featuredmedia":[{"embeddable":true,"href":"https:\/\/abyflowers.com\/shop\/wp-json\/wp\/v2\/media\/17751"}],"wp:attachment":[{"href":"https:\/\/abyflowers.com\/shop\/wp-json\/wp\/v2\/media?parent=16163"}],"wp:term":[{"taxonomy":"product_cat","embeddable":true,"href":"https:\/\/abyflowers.com\/shop\/wp-json\/wp\/v2\/product_cat?post=16163"},{"taxonomy":"product_tag","embeddable":true,"href":"https:\/\/abyflowers.com\/shop\/wp-json\/wp\/v2\/product_tag?post=16163"}],"curies":[{"name":"wp","href":"https:\/\/api.w.org\/{rel}","templated":true}]}}