{"id":15913,"date":"2025-02-02T14:28:37","date_gmt":"2025-02-02T14:28:37","guid":{"rendered":"https:\/\/abyflowers.com\/shop\/?post_type=product&#038;p=15913"},"modified":"2026-05-02T05:38:35","modified_gmt":"2026-05-02T05:38:35","slug":"canasta-flores-con-magia","status":"publish","type":"product","link":"https:\/\/abyflowers.com\/shop\/producto\/canasta-flores-con-magia\/","title":{"rendered":"Canasta MAM\u00c1 magica"},"content":{"rendered":"","protected":false},"excerpt":{"rendered":"<p><strong>DESCRIPCI\u00d3N:<\/strong><\/p>\n<ul>\n<li>Rosas premium color rojo acompa\u00f1ado de follaje.<\/li>\n<li>Canasta de mimbre.<\/li>\n<li>Imagen referencias, puede\u00a0variar ligeramente.<\/li>\n<li>Producto exclusivo de Aby Flowers.<\/li>\n<\/ul>\n<p>Adicional:<br \/>\n03 globos met\u00e1licos coraz\u00f3n a s\/60 soles.<br \/>\nCaja con trufas artesanales a s\/30 soles<\/p>\n<p>El precio no incluye Delivery.<\/p>\n","protected":false},"featured_media":15914,"template":"","meta":{"om_disable_all_campaigns":false,"_monsterinsights_skip_tracking":false,"_monsterinsights_sitenote_active":false,"_monsterinsights_sitenote_note":"","_monsterinsights_sitenote_category":0,"_uf_show_specific_survey":0,"_uf_disable_surveys":false,"_joinchat":[]},"product_cat":[18,145,16],"product_tag":[],"class_list":{"0":"post-15913","1":"product","2":"type-product","3":"status-publish","4":"has-post-thumbnail","6":"product_cat-amor","7":"product_cat-dia-de-la-madre","8":"product_cat-cofres-y-sombrereras","10":"first","11":"instock","12":"sale","13":"shipping-taxable","14":"purchasable","15":"product-type-simple"},"yoast_head":"<!-- This site is optimized with the Yoast SEO plugin v26.7 - https:\/\/yoast.com\/wordpress\/plugins\/seo\/ -->\n<title>Canasta MAM\u00c1 magica - AbyFlowers<\/title>\n<meta name=\"robots\" content=\"index, follow, max-snippet:-1, max-image-preview:large, max-video-preview:-1\" \/>\n<link rel=\"canonical\" href=\"https:\/\/abyflowers.com\/shop\/producto\/canasta-flores-con-magia\/\" \/>\n<meta property=\"og:locale\" content=\"es_ES\" \/>\n<meta property=\"og:type\" content=\"article\" \/>\n<meta property=\"og:title\" content=\"Canasta MAM\u00c1 magica - AbyFlowers\" \/>\n<meta property=\"og:description\" content=\"DESCRIPCI\u00d3N:   Rosas premium color rojo acompa\u00f1ado de follaje.  Canasta de mimbre.  Imagen referencias, puede\u00a0variar ligeramente.  Producto exclusivo de Aby Flowers.  Adicional: 03 globos met\u00e1licos coraz\u00f3n a s\/60 soles. Caja con trufas artesanales a s\/30 soles  El precio no incluye Delivery.\" \/>\n<meta property=\"og:url\" content=\"https:\/\/abyflowers.com\/shop\/producto\/canasta-flores-con-magia\/\" \/>\n<meta property=\"og:site_name\" content=\"AbyFlowers\" \/>\n<meta property=\"article:publisher\" content=\"https:\/\/www.facebook.com\/abyflowers\" \/>\n<meta property=\"article:modified_time\" content=\"2026-05-02T05:38:35+00:00\" \/>\n<meta property=\"og:image\" content=\"https:\/\/abyflowers.com\/shop\/wp-content\/uploads\/2025\/02\/DSC01490.jpg\" \/>\n\t<meta property=\"og:image:width\" content=\"2000\" \/>\n\t<meta property=\"og:image:height\" content=\"2000\" \/>\n\t<meta property=\"og:image:type\" content=\"image\/jpeg\" \/>\n<meta name=\"twitter:card\" content=\"summary_large_image\" \/>\n<meta name=\"twitter:label1\" content=\"Tiempo de lectura\" \/>\n\t<meta name=\"twitter:data1\" content=\"1 minuto\" \/>\n<script type=\"application\/ld+json\" class=\"yoast-schema-graph\">{\"@context\":\"https:\/\/schema.org\",\"@graph\":[{\"@type\":\"WebPage\",\"@id\":\"https:\/\/abyflowers.com\/shop\/producto\/canasta-flores-con-magia\/\",\"url\":\"https:\/\/abyflowers.com\/shop\/producto\/canasta-flores-con-magia\/\",\"name\":\"Canasta MAM\u00c1 magica - AbyFlowers\",\"isPartOf\":{\"@id\":\"https:\/\/abyflowers.com\/shop\/#website\"},\"primaryImageOfPage\":{\"@id\":\"https:\/\/abyflowers.com\/shop\/producto\/canasta-flores-con-magia\/#primaryimage\"},\"image\":{\"@id\":\"https:\/\/abyflowers.com\/shop\/producto\/canasta-flores-con-magia\/#primaryimage\"},\"thumbnailUrl\":\"https:\/\/abyflowers.com\/shop\/wp-content\/uploads\/2025\/02\/DSC01490.jpg\",\"datePublished\":\"2025-02-02T14:28:37+00:00\",\"dateModified\":\"2026-05-02T05:38:35+00:00\",\"breadcrumb\":{\"@id\":\"https:\/\/abyflowers.com\/shop\/producto\/canasta-flores-con-magia\/#breadcrumb\"},\"inLanguage\":\"es\",\"potentialAction\":[{\"@type\":\"ReadAction\",\"target\":[\"https:\/\/abyflowers.com\/shop\/producto\/canasta-flores-con-magia\/\"]}]},{\"@type\":\"ImageObject\",\"inLanguage\":\"es\",\"@id\":\"https:\/\/abyflowers.com\/shop\/producto\/canasta-flores-con-magia\/#primaryimage\",\"url\":\"https:\/\/abyflowers.com\/shop\/wp-content\/uploads\/2025\/02\/DSC01490.jpg\",\"contentUrl\":\"https:\/\/abyflowers.com\/shop\/wp-content\/uploads\/2025\/02\/DSC01490.jpg\",\"width\":2000,\"height\":2000},{\"@type\":\"BreadcrumbList\",\"@id\":\"https:\/\/abyflowers.com\/shop\/producto\/canasta-flores-con-magia\/#breadcrumb\",\"itemListElement\":[{\"@type\":\"ListItem\",\"position\":1,\"name\":\"Home\",\"item\":\"https:\/\/abyflowers.com\/shop\/\"},{\"@type\":\"ListItem\",\"position\":2,\"name\":\"Tienda\",\"item\":\"https:\/\/abyflowers.com\/shop\/tienda\/\"},{\"@type\":\"ListItem\",\"position\":3,\"name\":\"Canasta MAM\u00c1 magica\"}]},{\"@type\":\"WebSite\",\"@id\":\"https:\/\/abyflowers.com\/shop\/#website\",\"url\":\"https:\/\/abyflowers.com\/shop\/\",\"name\":\"AbyFlowers\",\"description\":\"Transmitimos Emociones\",\"publisher\":{\"@id\":\"https:\/\/abyflowers.com\/shop\/#organization\"},\"potentialAction\":[{\"@type\":\"SearchAction\",\"target\":{\"@type\":\"EntryPoint\",\"urlTemplate\":\"https:\/\/abyflowers.com\/shop\/?s={search_term_string}\"},\"query-input\":{\"@type\":\"PropertyValueSpecification\",\"valueRequired\":true,\"valueName\":\"search_term_string\"}}],\"inLanguage\":\"es\"},{\"@type\":\"Organization\",\"@id\":\"https:\/\/abyflowers.com\/shop\/#organization\",\"name\":\"AbyFlowers\",\"url\":\"https:\/\/abyflowers.com\/shop\/\",\"logo\":{\"@type\":\"ImageObject\",\"inLanguage\":\"es\",\"@id\":\"https:\/\/abyflowers.com\/shop\/#\/schema\/logo\/image\/\",\"url\":\"https:\/\/abyflowers.com\/shop\/wp-content\/uploads\/2021\/02\/logoAbyFlowersFEB2021.png\",\"contentUrl\":\"https:\/\/abyflowers.com\/shop\/wp-content\/uploads\/2021\/02\/logoAbyFlowersFEB2021.png\",\"width\":220,\"height\":92,\"caption\":\"AbyFlowers\"},\"image\":{\"@id\":\"https:\/\/abyflowers.com\/shop\/#\/schema\/logo\/image\/\"},\"sameAs\":[\"https:\/\/www.facebook.com\/abyflowers\",\"https:\/\/www.instagram.com\/abyflowers.floreria\/\"]}]}<\/script>\n<!-- \/ Yoast SEO plugin. -->","yoast_head_json":{"title":"Canasta MAM\u00c1 magica - AbyFlowers","robots":{"index":"index","follow":"follow","max-snippet":"max-snippet:-1","max-image-preview":"max-image-preview:large","max-video-preview":"max-video-preview:-1"},"canonical":"https:\/\/abyflowers.com\/shop\/producto\/canasta-flores-con-magia\/","og_locale":"es_ES","og_type":"article","og_title":"Canasta MAM\u00c1 magica - AbyFlowers","og_description":"DESCRIPCI\u00d3N:   Rosas premium color rojo acompa\u00f1ado de follaje.  Canasta de mimbre.  Imagen referencias, puede\u00a0variar ligeramente.  Producto exclusivo de Aby Flowers.  Adicional: 03 globos met\u00e1licos coraz\u00f3n a s\/60 soles. Caja con trufas artesanales a s\/30 soles  El precio no incluye Delivery.","og_url":"https:\/\/abyflowers.com\/shop\/producto\/canasta-flores-con-magia\/","og_site_name":"AbyFlowers","article_publisher":"https:\/\/www.facebook.com\/abyflowers","article_modified_time":"2026-05-02T05:38:35+00:00","og_image":[{"width":2000,"height":2000,"url":"https:\/\/abyflowers.com\/shop\/wp-content\/uploads\/2025\/02\/DSC01490.jpg","type":"image\/jpeg"}],"twitter_card":"summary_large_image","twitter_misc":{"Tiempo de lectura":"1 minuto"},"schema":{"@context":"https:\/\/schema.org","@graph":[{"@type":"WebPage","@id":"https:\/\/abyflowers.com\/shop\/producto\/canasta-flores-con-magia\/","url":"https:\/\/abyflowers.com\/shop\/producto\/canasta-flores-con-magia\/","name":"Canasta MAM\u00c1 magica - AbyFlowers","isPartOf":{"@id":"https:\/\/abyflowers.com\/shop\/#website"},"primaryImageOfPage":{"@id":"https:\/\/abyflowers.com\/shop\/producto\/canasta-flores-con-magia\/#primaryimage"},"image":{"@id":"https:\/\/abyflowers.com\/shop\/producto\/canasta-flores-con-magia\/#primaryimage"},"thumbnailUrl":"https:\/\/abyflowers.com\/shop\/wp-content\/uploads\/2025\/02\/DSC01490.jpg","datePublished":"2025-02-02T14:28:37+00:00","dateModified":"2026-05-02T05:38:35+00:00","breadcrumb":{"@id":"https:\/\/abyflowers.com\/shop\/producto\/canasta-flores-con-magia\/#breadcrumb"},"inLanguage":"es","potentialAction":[{"@type":"ReadAction","target":["https:\/\/abyflowers.com\/shop\/producto\/canasta-flores-con-magia\/"]}]},{"@type":"ImageObject","inLanguage":"es","@id":"https:\/\/abyflowers.com\/shop\/producto\/canasta-flores-con-magia\/#primaryimage","url":"https:\/\/abyflowers.com\/shop\/wp-content\/uploads\/2025\/02\/DSC01490.jpg","contentUrl":"https:\/\/abyflowers.com\/shop\/wp-content\/uploads\/2025\/02\/DSC01490.jpg","width":2000,"height":2000},{"@type":"BreadcrumbList","@id":"https:\/\/abyflowers.com\/shop\/producto\/canasta-flores-con-magia\/#breadcrumb","itemListElement":[{"@type":"ListItem","position":1,"name":"Home","item":"https:\/\/abyflowers.com\/shop\/"},{"@type":"ListItem","position":2,"name":"Tienda","item":"https:\/\/abyflowers.com\/shop\/tienda\/"},{"@type":"ListItem","position":3,"name":"Canasta MAM\u00c1 magica"}]},{"@type":"WebSite","@id":"https:\/\/abyflowers.com\/shop\/#website","url":"https:\/\/abyflowers.com\/shop\/","name":"AbyFlowers","description":"Transmitimos Emociones","publisher":{"@id":"https:\/\/abyflowers.com\/shop\/#organization"},"potentialAction":[{"@type":"SearchAction","target":{"@type":"EntryPoint","urlTemplate":"https:\/\/abyflowers.com\/shop\/?s={search_term_string}"},"query-input":{"@type":"PropertyValueSpecification","valueRequired":true,"valueName":"search_term_string"}}],"inLanguage":"es"},{"@type":"Organization","@id":"https:\/\/abyflowers.com\/shop\/#organization","name":"AbyFlowers","url":"https:\/\/abyflowers.com\/shop\/","logo":{"@type":"ImageObject","inLanguage":"es","@id":"https:\/\/abyflowers.com\/shop\/#\/schema\/logo\/image\/","url":"https:\/\/abyflowers.com\/shop\/wp-content\/uploads\/2021\/02\/logoAbyFlowersFEB2021.png","contentUrl":"https:\/\/abyflowers.com\/shop\/wp-content\/uploads\/2021\/02\/logoAbyFlowersFEB2021.png","width":220,"height":92,"caption":"AbyFlowers"},"image":{"@id":"https:\/\/abyflowers.com\/shop\/#\/schema\/logo\/image\/"},"sameAs":["https:\/\/www.facebook.com\/abyflowers","https:\/\/www.instagram.com\/abyflowers.floreria\/"]}]}},"_links":{"self":[{"href":"https:\/\/abyflowers.com\/shop\/wp-json\/wp\/v2\/product\/15913","targetHints":{"allow":["GET"]}}],"collection":[{"href":"https:\/\/abyflowers.com\/shop\/wp-json\/wp\/v2\/product"}],"about":[{"href":"https:\/\/abyflowers.com\/shop\/wp-json\/wp\/v2\/types\/product"}],"wp:featuredmedia":[{"embeddable":true,"href":"https:\/\/abyflowers.com\/shop\/wp-json\/wp\/v2\/media\/15914"}],"wp:attachment":[{"href":"https:\/\/abyflowers.com\/shop\/wp-json\/wp\/v2\/media?parent=15913"}],"wp:term":[{"taxonomy":"product_cat","embeddable":true,"href":"https:\/\/abyflowers.com\/shop\/wp-json\/wp\/v2\/product_cat?post=15913"},{"taxonomy":"product_tag","embeddable":true,"href":"https:\/\/abyflowers.com\/shop\/wp-json\/wp\/v2\/product_tag?post=15913"}],"curies":[{"name":"wp","href":"https:\/\/api.w.org\/{rel}","templated":true}]}}