{"id":1495,"date":"2016-10-14T02:04:18","date_gmt":"2016-10-14T02:04:18","guid":{"rendered":"https:\/\/demo.wpthemego.com\/themes\/sw_rozy\/mobile\/?page_id=1495"},"modified":"2021-02-05T20:57:59","modified_gmt":"2021-02-05T20:57:59","slug":"contacto","status":"publish","type":"page","link":"https:\/\/abyflowers.com\/shop\/contacto\/","title":{"rendered":"Contacto"},"content":{"rendered":"<p>[vc_row][vc_column][vc_raw_html]JTNDZGl2JTIwY2xhc3MlM0QlMjJibG9jay1jb250YWN0LXVzJTIyJTNFJTBBJTA5JTNDZGl2JTIwY2xhc3MlM0QlMjJ3cmFwLWNvbnRlbnQlMjIlM0UlMEElMDklMDklM0NkaXYlMjBjbGFzcyUzRCUyMml0ZW0lMjBlYXN5LXVzZSUyMiUzRSUwQSUwOSUwOSUwOSUzQ2RpdiUyMGNsYXNzJTNEJTIyaXRlbS1kZXRhaWwlMjIlM0UlMEElMDklMDklMDklMDklM0NkaXYlMjBjbGFzcyUzRCUyMml0ZW0taW1hZ2UlMjIlM0UlMEElMDklMDklMDklMDklM0MlMkZkaXYlM0UlMEElMDklMDklMDklMDklM0NkaXYlMjBjbGFzcyUzRCUyMml0ZW0tY29udGVudCUyMiUzRSUwQSUwOSUwOSUwOSUwOSUwOSUzQ2g0JTNFTGwlQzMlQTFtYW5vcyUzQyUyRmg0JTNFJTBBJTA5JTA5JTA5JTA5JTA5JTNDcCUzRTk4OSUyMDE5MSUyMDQ0NSUzQyUyRnAlM0UlMEElMDklMDklMDklMDklM0MlMkZkaXYlM0UlMEElMDklMDklMDklM0MlMkZkaXYlM0UlMEElMDklMDklM0MlMkZkaXYlM0UlMEElMDklMDklM0NkaXYlMjBjbGFzcyUzRCUyMml0ZW0lMjBzdXBwb3J0JTIyJTNFJTBBJTA5JTA5JTA5JTNDZGl2JTIwY2xhc3MlM0QlMjJpdGVtLWRldGFpbCUyMiUzRSUwQSUwOSUwOSUwOSUwOSUzQ2RpdiUyMGNsYXNzJTNEJTIyaXRlbS1pbWFnZSUyMiUzRSUwQSUwOSUwOSUwOSUwOSUzQyUyRmRpdiUzRSUwQSUwOSUwOSUwOSUwOSUzQ2RpdiUyMGNsYXNzJTNEJTIyaXRlbS1jb250ZW50JTIyJTNFJTBBJTA5JTA5JTA5JTA5JTA5JTNDaDQlM0VFc2NyJUMzJUFEYmVub3MlM0MlMkZoNCUzRSUwQSUwOSUwOSUwOSUwOSUwOSUzQ3AlM0VhdGVuY2lvbmFsY2xpZW50ZSU0MGFieWZsb3dlcnMuY29tJTNDJTJGcCUzRSUwQSUwOSUwOSUwOSUwOSUzQyUyRmRpdiUzRSUwQSUwOSUwOSUwOSUzQyUyRmRpdiUzRSUwQSUwOSUwOSUzQyUyRmRpdiUzRSUwQSUwOSUwOSUzQ2RpdiUyMGNsYXNzJTNEJTIyaXRlbSUyMGRlc2lnbiUyMiUzRSUwQSUwOSUwOSUwOSUzQ2RpdiUyMGNsYXNzJTNEJTIyaXRlbS1kZXRhaWwlMjIlM0UlMEElMDklMDklMDklMDklM0NkaXYlMjBjbGFzcyUzRCUyMml0ZW0taW1hZ2UlMjIlM0UlMEElMDklMDklMDklMDklM0MlMkZkaXYlM0UlMEElMDklMDklMDklMDklM0NkaXYlMjBjbGFzcyUzRCUyMml0ZW0tY29udGVudCUyMiUzRSUwQSUwOSUwOSUwOSUwOSUwOSUzQ2g0JTNFSG9yYXJpbyUyMGRlJTIwYXRlbmNpJUMzJUIzbiUzQyUyRmg0JTNFJTBBJTA5JTA5JTA5JTA5JTA5JTNDcCUzRUx1bmVzJTIwYSUyMFNhYi4lMjA4YW0lMjBhJTIwN3BtJTNDJTJGcCUzRSUwQSUyMCUyMCUyMCUyMCUyMCUyMCUyMCUyMCUyMCUyMCUyMCUyMCUyMCUyMCUyMCUyMCUyMCUyMCUyMCUyMCUyMCUyMCUyMCUyMCUyMCUyMCUyMCUyMCUyMCUyMCUyMCUyMCUyMCUyMCUyMCUyMCUyMCUyMCUyMCUyMCUzQ3AlM0VEb21pbmdvcyUyMGRlJTIwOWFtJTIwYSUyMDJwbSUzQyUyRnAlM0UlMEElMDklMDklMDklMDklM0MlMkZkaXYlM0UlMEElMDklMDklMDklM0MlMkZkaXYlM0UlMEElMDklMDklM0MlMkZkaXYlM0UlMEElMDklM0MlMkZkaXYlM0UlMEElM0MlMkZkaXYlM0U=[\/vc_raw_html][\/vc_column][\/vc_row][vc_row el_class=\u00bbpage_contact_us\u00bb][vc_column][vc_column_text el_class=\u00bbcontact-right\u00bb]<\/p>\n<div class=\"block-contact\">\n<h3>Cont\u00e1ctanos<\/h3>\n<div class=\"description\">En Aby Flowers nos encantar\u00eda hablar contigo. No dudes en llamarnos, enviarnos un correo electr\u00f3nico, escribirnos por WhatsApp o completar el formulario de consulta.<\/div>\n<div>\n<div class=\"wpcf7 no-js\" id=\"wpcf7-f203-o1\" lang=\"es-ES\" dir=\"ltr\" data-wpcf7-id=\"203\">\n<div class=\"screen-reader-response\"><p role=\"status\" aria-live=\"polite\" aria-atomic=\"true\"><\/p> <ul><\/ul><\/div>\n<form action=\"\/shop\/wp-json\/wp\/v2\/pages\/1495#wpcf7-f203-o1\" method=\"post\" class=\"wpcf7-form init\" aria-label=\"Formulario de contacto\" novalidate=\"novalidate\" data-status=\"init\">\n<fieldset class=\"hidden-fields-container\"><input type=\"hidden\" name=\"_wpcf7\" value=\"203\" \/><input type=\"hidden\" name=\"_wpcf7_version\" value=\"6.1.4\" \/><input type=\"hidden\" name=\"_wpcf7_locale\" value=\"es_ES\" \/><input type=\"hidden\" name=\"_wpcf7_unit_tag\" value=\"wpcf7-f203-o1\" \/><input type=\"hidden\" name=\"_wpcf7_container_post\" value=\"0\" \/><input type=\"hidden\" name=\"_wpcf7_posted_data_hash\" value=\"\" \/>\n<\/fieldset>\n<div class=\"Col50\">\n\t<p><span class=\"wpcf7-form-control-wrap\" data-name=\"your-name\"><input size=\"40\" maxlength=\"400\" class=\"wpcf7-form-control wpcf7-text wpcf7-validates-as-required\" aria-required=\"true\" aria-invalid=\"false\" placeholder=\"Nombres y Apellidos *\" value=\"\" type=\"text\" name=\"your-name\" \/><\/span>\n\t<\/p>\n<\/div>\n<div class=\"Col50\">\n\t<p><span class=\"wpcf7-form-control-wrap\" data-name=\"your-email\"><input size=\"40\" maxlength=\"400\" class=\"wpcf7-form-control wpcf7-email wpcf7-validates-as-required wpcf7-text wpcf7-validates-as-email\" aria-required=\"true\" aria-invalid=\"false\" placeholder=\"Correo electr\u00f3nico *\" value=\"\" type=\"email\" name=\"your-email\" \/><\/span>\n\t<\/p>\n<\/div>\n<div class=\"Col50\">\n\t<p><span class=\"wpcf7-form-control-wrap\" data-name=\"your-phone\"><input size=\"40\" maxlength=\"400\" class=\"wpcf7-form-control wpcf7-text wpcf7-validates-as-required\" aria-required=\"true\" aria-invalid=\"false\" placeholder=\"Tel\u00e9fono\" value=\"\" type=\"text\" name=\"your-phone\" \/><\/span>\n\t<\/p>\n<\/div>\n<div class=\"Col50\">\n\t<p><span class=\"wpcf7-form-control-wrap\" data-name=\"your-subject\"><input size=\"40\" maxlength=\"400\" class=\"wpcf7-form-control wpcf7-text wpcf7-validates-as-required\" aria-required=\"true\" aria-invalid=\"false\" placeholder=\"Asunto\" value=\"\" type=\"text\" name=\"your-subject\" \/><\/span>\n\t<\/p>\n<\/div>\n<div class=\"Col100\">\n\t<p><span class=\"wpcf7-form-control-wrap\" data-name=\"your-message\"><textarea cols=\"40\" rows=\"10\" maxlength=\"2000\" class=\"wpcf7-form-control wpcf7-textarea\" aria-invalid=\"false\" placeholder=\"Mensaje *\" name=\"your-message\"><\/textarea><\/span>\n\t<\/p>\n<\/div>\n<div class=\"Col100\">\n\t<p><input class=\"wpcf7-form-control wpcf7-submit has-spinner\" type=\"submit\" value=\"Enviar mensaje\" \/>\n\t<\/p>\n<\/div><input type='hidden' class='wpcf7-pum' value='{\"closepopup\":false,\"closedelay\":0,\"openpopup\":false,\"openpopup_id\":0}' \/><div class=\"wpcf7-response-output\" aria-hidden=\"true\"><\/div>\n<\/form>\n<\/div>\n<\/div>\n<\/div>\n<p>[\/vc_column_text][\/vc_column][\/vc_row][vc_row][vc_column][vc_empty_space height=\u00bb60px\u00bb][\/vc_column][\/vc_row]<\/p>\n","protected":false},"excerpt":{"rendered":"<p>[vc_row][vc_column][vc_raw_html]JTNDZGl2JTIwY2xhc3MlM0QlMjJibG9jay1jb250YWN0LXVzJTIyJTNFJTBBJTA5JTNDZGl2JTIwY2xhc3MlM0QlMjJ3cmFwLWNvbnRlbnQlMjIlM0UlMEElMDklMDklM0NkaXYlMjBjbGFzcyUzRCUyMml0ZW0lMjBlYXN5LXVzZSUyMiUzRSUwQSUwOSUwOSUwOSUzQ2RpdiUyMGNsYXNzJTNEJTIyaXRlbS1kZXRhaWwlMjIlM0UlMEElMDklMDklMDklMDklM0NkaXYlMjBjbGFzcyUzRCUyMml0ZW0taW1hZ2UlMjIlM0UlMEElMDklMDklMDklMDklM0MlMkZkaXYlM0UlMEElMDklMDklMDklMDklM0NkaXYlMjBjbGFzcyUzRCUyMml0ZW0tY29udGVudCUyMiUzRSUwQSUwOSUwOSUwOSUwOSUwOSUzQ2g0JTNFTGwlQzMlQTFtYW5vcyUzQyUyRmg0JTNFJTBBJTA5JTA5JTA5JTA5JTA5JTNDcCUzRTk4OSUyMDE5MSUyMDQ0NSUzQyUyRnAlM0UlMEElMDklMDklMDklMDklM0MlMkZkaXYlM0UlMEElMDklMDklMDklM0MlMkZkaXYlM0UlMEElMDklMDklM0MlMkZkaXYlM0UlMEElMDklMDklM0NkaXYlMjBjbGFzcyUzRCUyMml0ZW0lMjBzdXBwb3J0JTIyJTNFJTBBJTA5JTA5JTA5JTNDZGl2JTIwY2xhc3MlM0QlMjJpdGVtLWRldGFpbCUyMiUzRSUwQSUwOSUwOSUwOSUwOSUzQ2RpdiUyMGNsYXNzJTNEJTIyaXRlbS1pbWFnZSUyMiUzRSUwQSUwOSUwOSUwOSUwOSUzQyUyRmRpdiUzRSUwQSUwOSUwOSUwOSUwOSUzQ2RpdiUyMGNsYXNzJTNEJTIyaXRlbS1jb250ZW50JTIyJTNFJTBBJTA5JTA5JTA5JTA5JTA5JTNDaDQlM0VFc2NyJUMzJUFEYmVub3MlM0MlMkZoNCUzRSUwQSUwOSUwOSUwOSUwOSUwOSUzQ3AlM0VhdGVuY2lvbmFsY2xpZW50ZSU0MGFieWZsb3dlcnMuY29tJTNDJTJGcCUzRSUwQSUwOSUwOSUwOSUwOSUzQyUyRmRpdiUzRSUwQSUwOSUwOSUwOSUzQyUyRmRpdiUzRSUwQSUwOSUwOSUzQyUyRmRpdiUzRSUwQSUwOSUwOSUzQ2RpdiUyMGNsYXNzJTNEJTIyaXRlbSUyMGRlc2lnbiUyMiUzRSUwQSUwOSUwOSUwOSUzQ2RpdiUyMGNsYXNzJTNEJTIyaXRlbS1kZXRhaWwlMjIlM0UlMEElMDklMDklMDklMDklM0NkaXYlMjBjbGFzcyUzRCUyMml0ZW0taW1hZ2UlMjIlM0UlMEElMDklMDklMDklMDklM0MlMkZkaXYlM0UlMEElMDklMDklMDklMDklM0NkaXYlMjBjbGFzcyUzRCUyMml0ZW0tY29udGVudCUyMiUzRSUwQSUwOSUwOSUwOSUwOSUwOSUzQ2g0JTNFSG9yYXJpbyUyMGRlJTIwYXRlbmNpJUMzJUIzbiUzQyUyRmg0JTNFJTBBJTA5JTA5JTA5JTA5JTA5JTNDcCUzRUx1bmVzJTIwYSUyMFNhYi4lMjA4YW0lMjBhJTIwN3BtJTNDJTJGcCUzRSUwQSUyMCUyMCUyMCUyMCUyMCUyMCUyMCUyMCUyMCUyMCUyMCUyMCUyMCUyMCUyMCUyMCUyMCUyMCUyMCUyMCUyMCUyMCUyMCUyMCUyMCUyMCUyMCUyMCUyMCUyMCUyMCUyMCUyMCUyMCUyMCUyMCUyMCUyMCUyMCUyMCUzQ3AlM0VEb21pbmdvcyUyMGRlJTIwOWFtJTIwYSUyMDJwbSUzQyUyRnAlM0UlMEElMDklMDklMDklMDklM0MlMkZkaXYlM0UlMEElMDklMDklMDklM0MlMkZkaXYlM0UlMEElMDklMDklM0MlMkZkaXYlM0UlMEElMDklM0MlMkZkaXYlM0UlMEElM0MlMkZkaXYlM0U=[\/vc_raw_html][\/vc_column][\/vc_row][vc_row el_class=\u00bbpage_contact_us\u00bb][vc_column][vc_column_text el_class=\u00bbcontact-right\u00bb] Cont\u00e1ctanos En Aby Flowers nos encantar\u00eda hablar contigo. No dudes en llamarnos, enviarnos un correo electr\u00f3nico, escribirnos por WhatsApp o completar el formulario de consulta. [\/vc_column_text][\/vc_column][\/vc_row][vc_row][vc_column][vc_empty_space height=\u00bb60px\u00bb][\/vc_column][\/vc_row]<\/p>\n","protected":false},"author":1,"featured_media":0,"parent":0,"menu_order":0,"comment_status":"closed","ping_status":"closed","template":"","meta":{"om_disable_all_campaigns":false,"_monsterinsights_skip_tracking":false,"_monsterinsights_sitenote_active":false,"_monsterinsights_sitenote_note":"","_monsterinsights_sitenote_category":0,"_uf_show_specific_survey":0,"_uf_disable_surveys":false,"_joinchat":[],"footnotes":""},"class_list":["post-1495","page","type-page","status-publish","hentry"],"yoast_head":"<!-- This site is optimized with the Yoast SEO plugin v26.7 - https:\/\/yoast.com\/wordpress\/plugins\/seo\/ -->\n<title>Contacto - AbyFlowers<\/title>\n<meta name=\"robots\" content=\"index, follow, max-snippet:-1, max-image-preview:large, max-video-preview:-1\" \/>\n<link rel=\"canonical\" href=\"https:\/\/abyflowers.com\/shop\/contacto\/\" \/>\n<meta property=\"og:locale\" content=\"es_ES\" \/>\n<meta property=\"og:type\" content=\"article\" \/>\n<meta property=\"og:title\" content=\"Contacto - AbyFlowers\" \/>\n<meta property=\"og:description\" content=\"[vc_row][vc_column][vc_raw_html]JTNDZGl2JTIwY2xhc3MlM0QlMjJibG9jay1jb250YWN0LXVzJTIyJTNFJTBBJTA5JTNDZGl2JTIwY2xhc3MlM0QlMjJ3cmFwLWNvbnRlbnQlMjIlM0UlMEElMDklMDklM0NkaXYlMjBjbGFzcyUzRCUyMml0ZW0lMjBlYXN5LXVzZSUyMiUzRSUwQSUwOSUwOSUwOSUzQ2RpdiUyMGNsYXNzJTNEJTIyaXRlbS1kZXRhaWwlMjIlM0UlMEElMDklMDklMDklMDklM0NkaXYlMjBjbGFzcyUzRCUyMml0ZW0taW1hZ2UlMjIlM0UlMEElMDklMDklMDklMDklM0MlMkZkaXYlM0UlMEElMDklMDklMDklMDklM0NkaXYlMjBjbGFzcyUzRCUyMml0ZW0tY29udGVudCUyMiUzRSUwQSUwOSUwOSUwOSUwOSUwOSUzQ2g0JTNFTGwlQzMlQTFtYW5vcyUzQyUyRmg0JTNFJTBBJTA5JTA5JTA5JTA5JTA5JTNDcCUzRTk4OSUyMDE5MSUyMDQ0NSUzQyUyRnAlM0UlMEElMDklMDklMDklMDklM0MlMkZkaXYlM0UlMEElMDklMDklMDklM0MlMkZkaXYlM0UlMEElMDklMDklM0MlMkZkaXYlM0UlMEElMDklMDklM0NkaXYlMjBjbGFzcyUzRCUyMml0ZW0lMjBzdXBwb3J0JTIyJTNFJTBBJTA5JTA5JTA5JTNDZGl2JTIwY2xhc3MlM0QlMjJpdGVtLWRldGFpbCUyMiUzRSUwQSUwOSUwOSUwOSUwOSUzQ2RpdiUyMGNsYXNzJTNEJTIyaXRlbS1pbWFnZSUyMiUzRSUwQSUwOSUwOSUwOSUwOSUzQyUyRmRpdiUzRSUwQSUwOSUwOSUwOSUwOSUzQ2RpdiUyMGNsYXNzJTNEJTIyaXRlbS1jb250ZW50JTIyJTNFJTBBJTA5JTA5JTA5JTA5JTA5JTNDaDQlM0VFc2NyJUMzJUFEYmVub3MlM0MlMkZoNCUzRSUwQSUwOSUwOSUwOSUwOSUwOSUzQ3AlM0VhdGVuY2lvbmFsY2xpZW50ZSU0MGFieWZsb3dlcnMuY29tJTNDJTJGcCUzRSUwQSUwOSUwOSUwOSUwOSUzQyUyRmRpdiUzRSUwQSUwOSUwOSUwOSUzQyUyRmRpdiUzRSUwQSUwOSUwOSUzQyUyRmRpdiUzRSUwQSUwOSUwOSUzQ2RpdiUyMGNsYXNzJTNEJTIyaXRlbSUyMGRlc2lnbiUyMiUzRSUwQSUwOSUwOSUwOSUzQ2RpdiUyMGNsYXNzJTNEJTIyaXRlbS1kZXRhaWwlMjIlM0UlMEElMDklMDklMDklMDklM0NkaXYlMjBjbGFzcyUzRCUyMml0ZW0taW1hZ2UlMjIlM0UlMEElMDklMDklMDklMDklM0MlMkZkaXYlM0UlMEElMDklMDklMDklMDklM0NkaXYlMjBjbGFzcyUzRCUyMml0ZW0tY29udGVudCUyMiUzRSUwQSUwOSUwOSUwOSUwOSUwOSUzQ2g0JTNFSG9yYXJpbyUyMGRlJTIwYXRlbmNpJUMzJUIzbiUzQyUyRmg0JTNFJTBBJTA5JTA5JTA5JTA5JTA5JTNDcCUzRUx1bmVzJTIwYSUyMFNhYi4lMjA4YW0lMjBhJTIwN3BtJTNDJTJGcCUzRSUwQSUyMCUyMCUyMCUyMCUyMCUyMCUyMCUyMCUyMCUyMCUyMCUyMCUyMCUyMCUyMCUyMCUyMCUyMCUyMCUyMCUyMCUyMCUyMCUyMCUyMCUyMCUyMCUyMCUyMCUyMCUyMCUyMCUyMCUyMCUyMCUyMCUyMCUyMCUyMCUyMCUzQ3AlM0VEb21pbmdvcyUyMGRlJTIwOWFtJTIwYSUyMDJwbSUzQyUyRnAlM0UlMEElMDklMDklMDklMDklM0MlMkZkaXYlM0UlMEElMDklMDklMDklM0MlMkZkaXYlM0UlMEElMDklMDklM0MlMkZkaXYlM0UlMEElMDklM0MlMkZkaXYlM0UlMEElM0MlMkZkaXYlM0U=[\/vc_raw_html][\/vc_column][\/vc_row][vc_row el_class=\u00bbpage_contact_us\u00bb][vc_column][vc_column_text el_class=\u00bbcontact-right\u00bb] Cont\u00e1ctanos En Aby Flowers nos encantar\u00eda hablar contigo. No dudes en llamarnos, enviarnos un correo electr\u00f3nico, escribirnos por WhatsApp o completar el formulario de consulta. [\/vc_column_text][\/vc_column][\/vc_row][vc_row][vc_column][vc_empty_space height=\u00bb60px\u00bb][\/vc_column][\/vc_row]\" \/>\n<meta property=\"og:url\" content=\"https:\/\/abyflowers.com\/shop\/contacto\/\" \/>\n<meta property=\"og:site_name\" content=\"AbyFlowers\" \/>\n<meta property=\"article:publisher\" content=\"https:\/\/www.facebook.com\/abyflowers\" \/>\n<meta property=\"article:modified_time\" content=\"2021-02-05T20:57:59+00:00\" \/>\n<meta name=\"twitter:card\" content=\"summary_large_image\" \/>\n<meta name=\"twitter:label1\" content=\"Tiempo de lectura\" \/>\n\t<meta name=\"twitter:data1\" content=\"1 minuto\" \/>\n<script type=\"application\/ld+json\" class=\"yoast-schema-graph\">{\"@context\":\"https:\/\/schema.org\",\"@graph\":[{\"@type\":\"WebPage\",\"@id\":\"https:\/\/abyflowers.com\/shop\/contacto\/\",\"url\":\"https:\/\/abyflowers.com\/shop\/contacto\/\",\"name\":\"Contacto - AbyFlowers\",\"isPartOf\":{\"@id\":\"https:\/\/abyflowers.com\/shop\/#website\"},\"datePublished\":\"2016-10-14T02:04:18+00:00\",\"dateModified\":\"2021-02-05T20:57:59+00:00\",\"breadcrumb\":{\"@id\":\"https:\/\/abyflowers.com\/shop\/contacto\/#breadcrumb\"},\"inLanguage\":\"es\",\"potentialAction\":[{\"@type\":\"ReadAction\",\"target\":[\"https:\/\/abyflowers.com\/shop\/contacto\/\"]}]},{\"@type\":\"BreadcrumbList\",\"@id\":\"https:\/\/abyflowers.com\/shop\/contacto\/#breadcrumb\",\"itemListElement\":[{\"@type\":\"ListItem\",\"position\":1,\"name\":\"Home\",\"item\":\"https:\/\/abyflowers.com\/shop\/\"},{\"@type\":\"ListItem\",\"position\":2,\"name\":\"Contacto\"}]},{\"@type\":\"WebSite\",\"@id\":\"https:\/\/abyflowers.com\/shop\/#website\",\"url\":\"https:\/\/abyflowers.com\/shop\/\",\"name\":\"AbyFlowers\",\"description\":\"Transmitimos Emociones\",\"publisher\":{\"@id\":\"https:\/\/abyflowers.com\/shop\/#organization\"},\"potentialAction\":[{\"@type\":\"SearchAction\",\"target\":{\"@type\":\"EntryPoint\",\"urlTemplate\":\"https:\/\/abyflowers.com\/shop\/?s={search_term_string}\"},\"query-input\":{\"@type\":\"PropertyValueSpecification\",\"valueRequired\":true,\"valueName\":\"search_term_string\"}}],\"inLanguage\":\"es\"},{\"@type\":\"Organization\",\"@id\":\"https:\/\/abyflowers.com\/shop\/#organization\",\"name\":\"AbyFlowers\",\"url\":\"https:\/\/abyflowers.com\/shop\/\",\"logo\":{\"@type\":\"ImageObject\",\"inLanguage\":\"es\",\"@id\":\"https:\/\/abyflowers.com\/shop\/#\/schema\/logo\/image\/\",\"url\":\"https:\/\/abyflowers.com\/shop\/wp-content\/uploads\/2021\/02\/logoAbyFlowersFEB2021.png\",\"contentUrl\":\"https:\/\/abyflowers.com\/shop\/wp-content\/uploads\/2021\/02\/logoAbyFlowersFEB2021.png\",\"width\":220,\"height\":92,\"caption\":\"AbyFlowers\"},\"image\":{\"@id\":\"https:\/\/abyflowers.com\/shop\/#\/schema\/logo\/image\/\"},\"sameAs\":[\"https:\/\/www.facebook.com\/abyflowers\",\"https:\/\/www.instagram.com\/abyflowers.floreria\/\"]}]}<\/script>\n<!-- \/ Yoast SEO plugin. -->","yoast_head_json":{"title":"Contacto - AbyFlowers","robots":{"index":"index","follow":"follow","max-snippet":"max-snippet:-1","max-image-preview":"max-image-preview:large","max-video-preview":"max-video-preview:-1"},"canonical":"https:\/\/abyflowers.com\/shop\/contacto\/","og_locale":"es_ES","og_type":"article","og_title":"Contacto - AbyFlowers","og_description":"[vc_row][vc_column][vc_raw_html]JTNDZGl2JTIwY2xhc3MlM0QlMjJibG9jay1jb250YWN0LXVzJTIyJTNFJTBBJTA5JTNDZGl2JTIwY2xhc3MlM0QlMjJ3cmFwLWNvbnRlbnQlMjIlM0UlMEElMDklMDklM0NkaXYlMjBjbGFzcyUzRCUyMml0ZW0lMjBlYXN5LXVzZSUyMiUzRSUwQSUwOSUwOSUwOSUzQ2RpdiUyMGNsYXNzJTNEJTIyaXRlbS1kZXRhaWwlMjIlM0UlMEElMDklMDklMDklMDklM0NkaXYlMjBjbGFzcyUzRCUyMml0ZW0taW1hZ2UlMjIlM0UlMEElMDklMDklMDklMDklM0MlMkZkaXYlM0UlMEElMDklMDklMDklMDklM0NkaXYlMjBjbGFzcyUzRCUyMml0ZW0tY29udGVudCUyMiUzRSUwQSUwOSUwOSUwOSUwOSUwOSUzQ2g0JTNFTGwlQzMlQTFtYW5vcyUzQyUyRmg0JTNFJTBBJTA5JTA5JTA5JTA5JTA5JTNDcCUzRTk4OSUyMDE5MSUyMDQ0NSUzQyUyRnAlM0UlMEElMDklMDklMDklMDklM0MlMkZkaXYlM0UlMEElMDklMDklMDklM0MlMkZkaXYlM0UlMEElMDklMDklM0MlMkZkaXYlM0UlMEElMDklMDklM0NkaXYlMjBjbGFzcyUzRCUyMml0ZW0lMjBzdXBwb3J0JTIyJTNFJTBBJTA5JTA5JTA5JTNDZGl2JTIwY2xhc3MlM0QlMjJpdGVtLWRldGFpbCUyMiUzRSUwQSUwOSUwOSUwOSUwOSUzQ2RpdiUyMGNsYXNzJTNEJTIyaXRlbS1pbWFnZSUyMiUzRSUwQSUwOSUwOSUwOSUwOSUzQyUyRmRpdiUzRSUwQSUwOSUwOSUwOSUwOSUzQ2RpdiUyMGNsYXNzJTNEJTIyaXRlbS1jb250ZW50JTIyJTNFJTBBJTA5JTA5JTA5JTA5JTA5JTNDaDQlM0VFc2NyJUMzJUFEYmVub3MlM0MlMkZoNCUzRSUwQSUwOSUwOSUwOSUwOSUwOSUzQ3AlM0VhdGVuY2lvbmFsY2xpZW50ZSU0MGFieWZsb3dlcnMuY29tJTNDJTJGcCUzRSUwQSUwOSUwOSUwOSUwOSUzQyUyRmRpdiUzRSUwQSUwOSUwOSUwOSUzQyUyRmRpdiUzRSUwQSUwOSUwOSUzQyUyRmRpdiUzRSUwQSUwOSUwOSUzQ2RpdiUyMGNsYXNzJTNEJTIyaXRlbSUyMGRlc2lnbiUyMiUzRSUwQSUwOSUwOSUwOSUzQ2RpdiUyMGNsYXNzJTNEJTIyaXRlbS1kZXRhaWwlMjIlM0UlMEElMDklMDklMDklMDklM0NkaXYlMjBjbGFzcyUzRCUyMml0ZW0taW1hZ2UlMjIlM0UlMEElMDklMDklMDklMDklM0MlMkZkaXYlM0UlMEElMDklMDklMDklMDklM0NkaXYlMjBjbGFzcyUzRCUyMml0ZW0tY29udGVudCUyMiUzRSUwQSUwOSUwOSUwOSUwOSUwOSUzQ2g0JTNFSG9yYXJpbyUyMGRlJTIwYXRlbmNpJUMzJUIzbiUzQyUyRmg0JTNFJTBBJTA5JTA5JTA5JTA5JTA5JTNDcCUzRUx1bmVzJTIwYSUyMFNhYi4lMjA4YW0lMjBhJTIwN3BtJTNDJTJGcCUzRSUwQSUyMCUyMCUyMCUyMCUyMCUyMCUyMCUyMCUyMCUyMCUyMCUyMCUyMCUyMCUyMCUyMCUyMCUyMCUyMCUyMCUyMCUyMCUyMCUyMCUyMCUyMCUyMCUyMCUyMCUyMCUyMCUyMCUyMCUyMCUyMCUyMCUyMCUyMCUyMCUyMCUzQ3AlM0VEb21pbmdvcyUyMGRlJTIwOWFtJTIwYSUyMDJwbSUzQyUyRnAlM0UlMEElMDklMDklMDklMDklM0MlMkZkaXYlM0UlMEElMDklMDklMDklM0MlMkZkaXYlM0UlMEElMDklMDklM0MlMkZkaXYlM0UlMEElMDklM0MlMkZkaXYlM0UlMEElM0MlMkZkaXYlM0U=[\/vc_raw_html][\/vc_column][\/vc_row][vc_row el_class=\u00bbpage_contact_us\u00bb][vc_column][vc_column_text el_class=\u00bbcontact-right\u00bb] Cont\u00e1ctanos En Aby Flowers nos encantar\u00eda hablar contigo. No dudes en llamarnos, enviarnos un correo electr\u00f3nico, escribirnos por WhatsApp o completar el formulario de consulta. [\/vc_column_text][\/vc_column][\/vc_row][vc_row][vc_column][vc_empty_space height=\u00bb60px\u00bb][\/vc_column][\/vc_row]","og_url":"https:\/\/abyflowers.com\/shop\/contacto\/","og_site_name":"AbyFlowers","article_publisher":"https:\/\/www.facebook.com\/abyflowers","article_modified_time":"2021-02-05T20:57:59+00:00","twitter_card":"summary_large_image","twitter_misc":{"Tiempo de lectura":"1 minuto"},"schema":{"@context":"https:\/\/schema.org","@graph":[{"@type":"WebPage","@id":"https:\/\/abyflowers.com\/shop\/contacto\/","url":"https:\/\/abyflowers.com\/shop\/contacto\/","name":"Contacto - AbyFlowers","isPartOf":{"@id":"https:\/\/abyflowers.com\/shop\/#website"},"datePublished":"2016-10-14T02:04:18+00:00","dateModified":"2021-02-05T20:57:59+00:00","breadcrumb":{"@id":"https:\/\/abyflowers.com\/shop\/contacto\/#breadcrumb"},"inLanguage":"es","potentialAction":[{"@type":"ReadAction","target":["https:\/\/abyflowers.com\/shop\/contacto\/"]}]},{"@type":"BreadcrumbList","@id":"https:\/\/abyflowers.com\/shop\/contacto\/#breadcrumb","itemListElement":[{"@type":"ListItem","position":1,"name":"Home","item":"https:\/\/abyflowers.com\/shop\/"},{"@type":"ListItem","position":2,"name":"Contacto"}]},{"@type":"WebSite","@id":"https:\/\/abyflowers.com\/shop\/#website","url":"https:\/\/abyflowers.com\/shop\/","name":"AbyFlowers","description":"Transmitimos Emociones","publisher":{"@id":"https:\/\/abyflowers.com\/shop\/#organization"},"potentialAction":[{"@type":"SearchAction","target":{"@type":"EntryPoint","urlTemplate":"https:\/\/abyflowers.com\/shop\/?s={search_term_string}"},"query-input":{"@type":"PropertyValueSpecification","valueRequired":true,"valueName":"search_term_string"}}],"inLanguage":"es"},{"@type":"Organization","@id":"https:\/\/abyflowers.com\/shop\/#organization","name":"AbyFlowers","url":"https:\/\/abyflowers.com\/shop\/","logo":{"@type":"ImageObject","inLanguage":"es","@id":"https:\/\/abyflowers.com\/shop\/#\/schema\/logo\/image\/","url":"https:\/\/abyflowers.com\/shop\/wp-content\/uploads\/2021\/02\/logoAbyFlowersFEB2021.png","contentUrl":"https:\/\/abyflowers.com\/shop\/wp-content\/uploads\/2021\/02\/logoAbyFlowersFEB2021.png","width":220,"height":92,"caption":"AbyFlowers"},"image":{"@id":"https:\/\/abyflowers.com\/shop\/#\/schema\/logo\/image\/"},"sameAs":["https:\/\/www.facebook.com\/abyflowers","https:\/\/www.instagram.com\/abyflowers.floreria\/"]}]}},"_links":{"self":[{"href":"https:\/\/abyflowers.com\/shop\/wp-json\/wp\/v2\/pages\/1495","targetHints":{"allow":["GET"]}}],"collection":[{"href":"https:\/\/abyflowers.com\/shop\/wp-json\/wp\/v2\/pages"}],"about":[{"href":"https:\/\/abyflowers.com\/shop\/wp-json\/wp\/v2\/types\/page"}],"author":[{"embeddable":true,"href":"https:\/\/abyflowers.com\/shop\/wp-json\/wp\/v2\/users\/1"}],"replies":[{"embeddable":true,"href":"https:\/\/abyflowers.com\/shop\/wp-json\/wp\/v2\/comments?post=1495"}],"version-history":[{"count":7,"href":"https:\/\/abyflowers.com\/shop\/wp-json\/wp\/v2\/pages\/1495\/revisions"}],"predecessor-version":[{"id":5831,"href":"https:\/\/abyflowers.com\/shop\/wp-json\/wp\/v2\/pages\/1495\/revisions\/5831"}],"wp:attachment":[{"href":"https:\/\/abyflowers.com\/shop\/wp-json\/wp\/v2\/media?parent=1495"}],"curies":[{"name":"wp","href":"https:\/\/api.w.org\/{rel}","templated":true}]}}