{"id":1493,"date":"2016-10-14T02:02:22","date_gmt":"2016-10-14T02:02:22","guid":{"rendered":"https:\/\/demo.wpthemego.com\/themes\/sw_rozy\/mobile\/?page_id=1493"},"modified":"2021-02-05T20:54:44","modified_gmt":"2021-02-05T20:54:44","slug":"quienes-somos","status":"publish","type":"page","link":"https:\/\/abyflowers.com\/shop\/quienes-somos\/","title":{"rendered":"Quienes Somos"},"content":{"rendered":"<p>[vc_row][vc_column][vc_single_image image=\u00bb5564&#8243; img_size=\u00bbfull\u00bb][\/vc_column][\/vc_row][vc_row][vc_column][vc_custom_heading source=\u00bbpost_title\u00bb css=\u00bb.vc_custom_1612361866081{padding-right: 30px !important;padding-left: 30px !important;}\u00bb][\/vc_column][\/vc_row][vc_row][vc_column css=\u00bb.vc_custom_1612361841665{padding-right: 20px !important;padding-left: 20px !important;}\u00bb][vc_column_text css=\u00bb.vc_custom_1612558481716{padding-right: 30px !important;padding-left: 30px !important;}\u00bb]Aby Flowers S.A.C. est\u00e1 orientada a la venta de arreglos florales, en base a tres conceptos fundamentales: Innovaci\u00f3n, servicio y exclusividad.<\/p>\n<p>La innovaci\u00f3n, se encuentra presente en el producto as\u00ed como en el dise\u00f1o de los arreglos. Es fundamental la creaci\u00f3n de arreglos atractivos, y estos se basan en dise\u00f1os innovadores que rompen esquemas.<\/p>\n<p>El servicio, es un concepto que Aby Flowers enfatiza con la finalidad contar con clientes fieles a la marca. Para ello son asesorados en el momento de la compra, orientamos sobre el tipo de arreglo de acuerdo a la ocasi\u00f3n y realizamos seguimiento hasta el momento de la entrega del mismo.<\/p>\n<p>La exclusividad, es un concepto que buscamos alcanzar no solamente con la innovaci\u00f3n y el servicio, tambi\u00e9n orientamos nuestros esfuerzos en un producto diferente, de alta calidad, de dise\u00f1o innovador y con un servicio de alta calidad.[\/vc_column_text][\/vc_column][\/vc_row]<\/p>\n","protected":false},"excerpt":{"rendered":"<p>[vc_row][vc_column][vc_single_image image=\u00bb5564&#8243; img_size=\u00bbfull\u00bb][\/vc_column][\/vc_row][vc_row][vc_column][vc_custom_heading source=\u00bbpost_title\u00bb css=\u00bb.vc_custom_1612361866081{padding-right: 30px !important;padding-left: 30px !important;}\u00bb][\/vc_column][\/vc_row][vc_row][vc_column css=\u00bb.vc_custom_1612361841665{padding-right: 20px !important;padding-left: 20px !important;}\u00bb][vc_column_text css=\u00bb.vc_custom_1612558481716{padding-right: 30px !important;padding-left: 30px !important;}\u00bb]Aby Flowers S.A.C. est\u00e1 orientada a la venta de arreglos florales, en base a tres conceptos fundamentales: Innovaci\u00f3n, servicio y exclusividad. La &hellip; <a href=\"https:\/\/abyflowers.com\/shop\/quienes-somos\/\">Readmore<\/a><\/p>\n","protected":false},"author":1,"featured_media":0,"parent":0,"menu_order":0,"comment_status":"closed","ping_status":"closed","template":"","meta":{"om_disable_all_campaigns":false,"_monsterinsights_skip_tracking":false,"_monsterinsights_sitenote_active":false,"_monsterinsights_sitenote_note":"","_monsterinsights_sitenote_category":0,"_uf_show_specific_survey":0,"_uf_disable_surveys":false,"_joinchat":[],"footnotes":""},"class_list":["post-1493","page","type-page","status-publish","hentry"],"yoast_head":"<!-- This site is optimized with the Yoast SEO plugin v26.7 - https:\/\/yoast.com\/wordpress\/plugins\/seo\/ -->\n<title>Quienes Somos - AbyFlowers<\/title>\n<meta name=\"robots\" content=\"index, follow, max-snippet:-1, max-image-preview:large, max-video-preview:-1\" \/>\n<link rel=\"canonical\" href=\"https:\/\/abyflowers.com\/shop\/quienes-somos\/\" \/>\n<meta property=\"og:locale\" content=\"es_ES\" \/>\n<meta property=\"og:type\" content=\"article\" \/>\n<meta property=\"og:title\" content=\"Quienes Somos - AbyFlowers\" \/>\n<meta property=\"og:description\" content=\"[vc_row][vc_column][vc_single_image image=\u00bb5564&#8243; img_size=\u00bbfull\u00bb][\/vc_column][\/vc_row][vc_row][vc_column][vc_custom_heading source=\u00bbpost_title\u00bb css=\u00bb.vc_custom_1612361866081{padding-right: 30px !important;padding-left: 30px !important;}\u00bb][\/vc_column][\/vc_row][vc_row][vc_column css=\u00bb.vc_custom_1612361841665{padding-right: 20px !important;padding-left: 20px !important;}\u00bb][vc_column_text css=\u00bb.vc_custom_1612558481716{padding-right: 30px !important;padding-left: 30px !important;}\u00bb]Aby Flowers S.A.C. est\u00e1 orientada a la venta de arreglos florales, en base a tres conceptos fundamentales: Innovaci\u00f3n, servicio y exclusividad. La &hellip; Readmore\" \/>\n<meta property=\"og:url\" content=\"https:\/\/abyflowers.com\/shop\/quienes-somos\/\" \/>\n<meta property=\"og:site_name\" content=\"AbyFlowers\" \/>\n<meta property=\"article:publisher\" content=\"https:\/\/www.facebook.com\/abyflowers\" \/>\n<meta property=\"article:modified_time\" content=\"2021-02-05T20:54:44+00:00\" \/>\n<meta name=\"twitter:card\" content=\"summary_large_image\" \/>\n<meta name=\"twitter:label1\" content=\"Tiempo de lectura\" \/>\n\t<meta name=\"twitter:data1\" content=\"1 minuto\" \/>\n<script type=\"application\/ld+json\" class=\"yoast-schema-graph\">{\"@context\":\"https:\/\/schema.org\",\"@graph\":[{\"@type\":\"WebPage\",\"@id\":\"https:\/\/abyflowers.com\/shop\/quienes-somos\/\",\"url\":\"https:\/\/abyflowers.com\/shop\/quienes-somos\/\",\"name\":\"Quienes Somos - AbyFlowers\",\"isPartOf\":{\"@id\":\"https:\/\/abyflowers.com\/shop\/#website\"},\"datePublished\":\"2016-10-14T02:02:22+00:00\",\"dateModified\":\"2021-02-05T20:54:44+00:00\",\"breadcrumb\":{\"@id\":\"https:\/\/abyflowers.com\/shop\/quienes-somos\/#breadcrumb\"},\"inLanguage\":\"es\",\"potentialAction\":[{\"@type\":\"ReadAction\",\"target\":[\"https:\/\/abyflowers.com\/shop\/quienes-somos\/\"]}]},{\"@type\":\"BreadcrumbList\",\"@id\":\"https:\/\/abyflowers.com\/shop\/quienes-somos\/#breadcrumb\",\"itemListElement\":[{\"@type\":\"ListItem\",\"position\":1,\"name\":\"Home\",\"item\":\"https:\/\/abyflowers.com\/shop\/\"},{\"@type\":\"ListItem\",\"position\":2,\"name\":\"Quienes Somos\"}]},{\"@type\":\"WebSite\",\"@id\":\"https:\/\/abyflowers.com\/shop\/#website\",\"url\":\"https:\/\/abyflowers.com\/shop\/\",\"name\":\"AbyFlowers\",\"description\":\"Transmitimos Emociones\",\"publisher\":{\"@id\":\"https:\/\/abyflowers.com\/shop\/#organization\"},\"potentialAction\":[{\"@type\":\"SearchAction\",\"target\":{\"@type\":\"EntryPoint\",\"urlTemplate\":\"https:\/\/abyflowers.com\/shop\/?s={search_term_string}\"},\"query-input\":{\"@type\":\"PropertyValueSpecification\",\"valueRequired\":true,\"valueName\":\"search_term_string\"}}],\"inLanguage\":\"es\"},{\"@type\":\"Organization\",\"@id\":\"https:\/\/abyflowers.com\/shop\/#organization\",\"name\":\"AbyFlowers\",\"url\":\"https:\/\/abyflowers.com\/shop\/\",\"logo\":{\"@type\":\"ImageObject\",\"inLanguage\":\"es\",\"@id\":\"https:\/\/abyflowers.com\/shop\/#\/schema\/logo\/image\/\",\"url\":\"https:\/\/abyflowers.com\/shop\/wp-content\/uploads\/2021\/02\/logoAbyFlowersFEB2021.png\",\"contentUrl\":\"https:\/\/abyflowers.com\/shop\/wp-content\/uploads\/2021\/02\/logoAbyFlowersFEB2021.png\",\"width\":220,\"height\":92,\"caption\":\"AbyFlowers\"},\"image\":{\"@id\":\"https:\/\/abyflowers.com\/shop\/#\/schema\/logo\/image\/\"},\"sameAs\":[\"https:\/\/www.facebook.com\/abyflowers\",\"https:\/\/www.instagram.com\/abyflowers.floreria\/\"]}]}<\/script>\n<!-- \/ Yoast SEO plugin. -->","yoast_head_json":{"title":"Quienes Somos - AbyFlowers","robots":{"index":"index","follow":"follow","max-snippet":"max-snippet:-1","max-image-preview":"max-image-preview:large","max-video-preview":"max-video-preview:-1"},"canonical":"https:\/\/abyflowers.com\/shop\/quienes-somos\/","og_locale":"es_ES","og_type":"article","og_title":"Quienes Somos - AbyFlowers","og_description":"[vc_row][vc_column][vc_single_image image=\u00bb5564&#8243; img_size=\u00bbfull\u00bb][\/vc_column][\/vc_row][vc_row][vc_column][vc_custom_heading source=\u00bbpost_title\u00bb css=\u00bb.vc_custom_1612361866081{padding-right: 30px !important;padding-left: 30px !important;}\u00bb][\/vc_column][\/vc_row][vc_row][vc_column css=\u00bb.vc_custom_1612361841665{padding-right: 20px !important;padding-left: 20px !important;}\u00bb][vc_column_text css=\u00bb.vc_custom_1612558481716{padding-right: 30px !important;padding-left: 30px !important;}\u00bb]Aby Flowers S.A.C. est\u00e1 orientada a la venta de arreglos florales, en base a tres conceptos fundamentales: Innovaci\u00f3n, servicio y exclusividad. La &hellip; Readmore","og_url":"https:\/\/abyflowers.com\/shop\/quienes-somos\/","og_site_name":"AbyFlowers","article_publisher":"https:\/\/www.facebook.com\/abyflowers","article_modified_time":"2021-02-05T20:54:44+00:00","twitter_card":"summary_large_image","twitter_misc":{"Tiempo de lectura":"1 minuto"},"schema":{"@context":"https:\/\/schema.org","@graph":[{"@type":"WebPage","@id":"https:\/\/abyflowers.com\/shop\/quienes-somos\/","url":"https:\/\/abyflowers.com\/shop\/quienes-somos\/","name":"Quienes Somos - AbyFlowers","isPartOf":{"@id":"https:\/\/abyflowers.com\/shop\/#website"},"datePublished":"2016-10-14T02:02:22+00:00","dateModified":"2021-02-05T20:54:44+00:00","breadcrumb":{"@id":"https:\/\/abyflowers.com\/shop\/quienes-somos\/#breadcrumb"},"inLanguage":"es","potentialAction":[{"@type":"ReadAction","target":["https:\/\/abyflowers.com\/shop\/quienes-somos\/"]}]},{"@type":"BreadcrumbList","@id":"https:\/\/abyflowers.com\/shop\/quienes-somos\/#breadcrumb","itemListElement":[{"@type":"ListItem","position":1,"name":"Home","item":"https:\/\/abyflowers.com\/shop\/"},{"@type":"ListItem","position":2,"name":"Quienes Somos"}]},{"@type":"WebSite","@id":"https:\/\/abyflowers.com\/shop\/#website","url":"https:\/\/abyflowers.com\/shop\/","name":"AbyFlowers","description":"Transmitimos Emociones","publisher":{"@id":"https:\/\/abyflowers.com\/shop\/#organization"},"potentialAction":[{"@type":"SearchAction","target":{"@type":"EntryPoint","urlTemplate":"https:\/\/abyflowers.com\/shop\/?s={search_term_string}"},"query-input":{"@type":"PropertyValueSpecification","valueRequired":true,"valueName":"search_term_string"}}],"inLanguage":"es"},{"@type":"Organization","@id":"https:\/\/abyflowers.com\/shop\/#organization","name":"AbyFlowers","url":"https:\/\/abyflowers.com\/shop\/","logo":{"@type":"ImageObject","inLanguage":"es","@id":"https:\/\/abyflowers.com\/shop\/#\/schema\/logo\/image\/","url":"https:\/\/abyflowers.com\/shop\/wp-content\/uploads\/2021\/02\/logoAbyFlowersFEB2021.png","contentUrl":"https:\/\/abyflowers.com\/shop\/wp-content\/uploads\/2021\/02\/logoAbyFlowersFEB2021.png","width":220,"height":92,"caption":"AbyFlowers"},"image":{"@id":"https:\/\/abyflowers.com\/shop\/#\/schema\/logo\/image\/"},"sameAs":["https:\/\/www.facebook.com\/abyflowers","https:\/\/www.instagram.com\/abyflowers.floreria\/"]}]}},"_links":{"self":[{"href":"https:\/\/abyflowers.com\/shop\/wp-json\/wp\/v2\/pages\/1493","targetHints":{"allow":["GET"]}}],"collection":[{"href":"https:\/\/abyflowers.com\/shop\/wp-json\/wp\/v2\/pages"}],"about":[{"href":"https:\/\/abyflowers.com\/shop\/wp-json\/wp\/v2\/types\/page"}],"author":[{"embeddable":true,"href":"https:\/\/abyflowers.com\/shop\/wp-json\/wp\/v2\/users\/1"}],"replies":[{"embeddable":true,"href":"https:\/\/abyflowers.com\/shop\/wp-json\/wp\/v2\/comments?post=1493"}],"version-history":[{"count":7,"href":"https:\/\/abyflowers.com\/shop\/wp-json\/wp\/v2\/pages\/1493\/revisions"}],"predecessor-version":[{"id":5829,"href":"https:\/\/abyflowers.com\/shop\/wp-json\/wp\/v2\/pages\/1493\/revisions\/5829"}],"wp:attachment":[{"href":"https:\/\/abyflowers.com\/shop\/wp-json\/wp\/v2\/media?parent=1493"}],"curies":[{"name":"wp","href":"https:\/\/api.w.org\/{rel}","templated":true}]}}